{"id":19,"date":"2024-04-21T13:38:56","date_gmt":"2024-04-21T11:38:56","guid":{"rendered":"https:\/\/bentheimer-kammerchor.de\/?page_id=19"},"modified":"2024-05-14T14:40:37","modified_gmt":"2024-05-14T12:40:37","slug":"unterstuetzen","status":"publish","type":"page","link":"https:\/\/bentheimer-kammerchor.de\/nl\/unterstuetzen\/","title":{"rendered":"Dona\u00adties"},"content":{"rendered":"<p>Seit vie\u00adlen Jah\u00adren gestal\u00adtet der Bent\u00adhei\u00admer Kam\u00admer\u00adchor das musi\u00adka\u00adli\u00adsche Leb\u00aden im Raum Bad Bent\u00adheim mit und m\u00f6ch\u00adte so zu einem vielf\u00e4l\u00adti\u00adgen kul\u00adtu\u00adrel\u00adlen Ange\u00adbot in der Regi\u00adon bei\u00adtra\u00adgen. Unser Ziel ist es dabei, m\u00f6g\u00adlichst vie\u00adle Zuh\u00f6rer mit unse\u00adren Kon\u00adzer\u00adten erf\u00adreu\u00aden zu k\u00f6nnen.<\/p>\n\n\n\n<p>Wir bem\u00ad\u00fchen uns des\u00adhalb, die Kar\u00adten\u00adprei\u00adse f\u00fcr unse\u00adre Veranstal\u00adtun\u00adgen in einem mode\u00adra\u00adten Rah\u00admen zu hal\u00adten. Da die Ein\u00adtrittsein\u00adnah\u00admen die Kos\u00adten eines Kon\u00adzer\u00adtes f\u00fcr gew\u00f6hn\u00adlich nicht dec\u00adken, sind wir f\u00fcr jede finan\u00adziel\u00adle Unter\u00adst\u00ad\u00fct\u00adzung dankbar.<\/p>\n\n\n\n<p>Als je een bij\u00addra\u00adge wilt leve\u00adren, stel\u00adlen we een over\u00adschr\u0133\u00adving op onze bank\u00adre\u00adke\u00adning zeer op&nbsp;pr\u0133s:<\/p>\n\n\n\n<p>BENTHEIM KAMERKOOR<br>GRAAFSCHAPSSPAARBANK GRAFSCHAFT BENTHEIM ZU NORDHORN<br>IBAN DE42 2675 0001 0001 0023 77<br>BIC NOLADE21NOH<\/p>\n\n\n\n<p>Da der Bent\u00adhei\u00admer Kam\u00admer\u00adchor e.V. als gemein\u00adn\u00ad\u00fct\u00adzig aner\u00adkan\u00adnt ist, gilt Ihr Kon\u00adtoaus\u00adzug oder Ein\u00adzah\u00adlungs\u00adbe\u00adleg f\u00fcr Spen\u00adden bis zu 200 Euro als Spen\u00adden\u00adbe\u00adschei\u00adni\u00adg\u00adung f\u00fcr das Finanzamt.<\/p>\n\n\n\n<p>F\u00fcr gr\u00f6\u00dfe\u00adre oder regelm\u00e4\u00dfi\u00adge Spen\u00adden stel\u00adlen wir ger\u00adne eine geson\u00adder\u00adte Spen\u00adden\u00adbe\u00adschei\u00adni\u00adg\u00adung aus. Daf\u00ad\u00fcr geben Sie bit\u00adte auf dem \u00dcber\u00adweis\u00adungs\u00adbe\u00adleg Ihren Namen und die Anschrift an.<\/p>\n\n\n\n<p>Ger\u00adne k\u00f6n\u00adnen Sie sich bei Fra\u00adgen zu Spen\u00adden auch per E\u2011Mail an Man\u00adfred Klin\u00adke wen\u00adden:<br><a href=\"mailto:info@bentheimer-kammerchor.de\">info@bentheimer-kammerchor.de<\/a><\/p>\n\n\n\n<p class=\"has-medium-font-size\"><strong>Wir dan\u00adken allen F\u00f6r\u00adde\u00adrern f\u00fcr Ihre Unterst\u00fctzung!<\/strong><\/p>","protected":false},"excerpt":{"rendered":"<p>Seit vielen Jahren gestaltet der Bentheimer Kammerchor das musikalische Leben im Raum Bad Bentheim mit und m\u00f6chte so zu einem vielf\u00e4ltigen kulturellen Angebot in der Region beitragen. Unser Ziel ist es dabei, m\u00f6glichst viele Zuh\u00f6rer mit unseren Konzerten erfreuen zu k\u00f6nnen. Wir bem\u00fchen uns deshalb, die Kartenpreise f\u00fcr unsere Veranstaltungen in einem moderaten Rahmen zu [&hellip;]<\/p>\n","protected":false},"author":1,"featured_media":164,"parent":0,"menu_order":0,"comment_status":"closed","ping_status":"closed","template":"","meta":{"wp_typography_post_enhancements_disabled":false,"footnotes":""},"class_list":["post-19","page","type-page","status-publish","has-post-thumbnail","hentry"],"yoast_head":"<!-- This site is optimized with the Yoast SEO plugin v27.3 - https:\/\/yoast.com\/product\/yoast-seo-wordpress\/ -->\n<title>Unterst\u00fctzen &#8212; Bentheimer Kammerchor<\/title>\n<meta name=\"robots\" content=\"index, follow, max-snippet:-1, max-image-preview:large, max-video-preview:-1\" \/>\n<link rel=\"canonical\" href=\"https:\/\/bentheimer-kammerchor.de\/nl\/unterstuetzen\/\" \/>\n<meta property=\"og:locale\" content=\"nl_NL\" \/>\n<meta property=\"og:type\" content=\"article\" \/>\n<meta property=\"og:title\" content=\"Unterst\u00fctzen &#8212; Bentheimer Kammerchor\" \/>\n<meta property=\"og:description\" content=\"Seit vielen Jahren gestaltet der Bentheimer Kammerchor das musikalische Leben im Raum Bad Bentheim mit und m\u00f6chte so zu einem vielf\u00e4ltigen kulturellen Angebot in der Region beitragen. Unser Ziel ist es dabei, m\u00f6glichst viele Zuh\u00f6rer mit unseren Konzerten erfreuen zu k\u00f6nnen. Wir bem\u00fchen uns deshalb, die Kartenpreise f\u00fcr unsere Veranstaltungen in einem moderaten Rahmen zu [&hellip;]\" \/>\n<meta property=\"og:url\" content=\"https:\/\/bentheimer-kammerchor.de\/nl\/unterstuetzen\/\" \/>\n<meta property=\"og:site_name\" content=\"Bentheimer Kammerchor\" \/>\n<meta property=\"article:publisher\" content=\"https:\/\/www.facebook.com\/p\/Bentheimer-Kammerchor-100077937920379\/\" \/>\n<meta property=\"article:modified_time\" content=\"2024-05-14T12:40:37+00:00\" \/>\n<meta property=\"og:image\" content=\"https:\/\/bentheimer-kammerchor.de\/wp-content\/uploads\/2024\/05\/pexels-thirdman-5583258-scaled.jpg\" \/>\n\t<meta property=\"og:image:width\" content=\"2560\" \/>\n\t<meta property=\"og:image:height\" content=\"840\" \/>\n\t<meta property=\"og:image:type\" content=\"image\/jpeg\" \/>\n<meta name=\"twitter:card\" content=\"summary_large_image\" \/>\n<meta name=\"twitter:label1\" content=\"Geschatte leestijd\" \/>\n\t<meta name=\"twitter:data1\" content=\"1 minuut\" \/>\n<script type=\"application\/ld+json\" class=\"yoast-schema-graph\">{\"@context\":\"https:\\\/\\\/schema.org\",\"@graph\":[{\"@type\":\"WebPage\",\"@id\":\"https:\\\/\\\/bentheimer-kammerchor.de\\\/unterstuetzen\\\/\",\"url\":\"https:\\\/\\\/bentheimer-kammerchor.de\\\/unterstuetzen\\\/\",\"name\":\"Unterst\u00fctzen &#8212; Bentheimer Kammerchor\",\"isPartOf\":{\"@id\":\"https:\\\/\\\/bentheimer-kammerchor.de\\\/#website\"},\"primaryImageOfPage\":{\"@id\":\"https:\\\/\\\/bentheimer-kammerchor.de\\\/unterstuetzen\\\/#primaryimage\"},\"image\":{\"@id\":\"https:\\\/\\\/bentheimer-kammerchor.de\\\/unterstuetzen\\\/#primaryimage\"},\"thumbnailUrl\":\"https:\\\/\\\/bentheimer-kammerchor.de\\\/wp-content\\\/uploads\\\/2024\\\/05\\\/pexels-thirdman-5583258-scaled.jpg\",\"datePublished\":\"2024-04-21T11:38:56+00:00\",\"dateModified\":\"2024-05-14T12:40:37+00:00\",\"breadcrumb\":{\"@id\":\"https:\\\/\\\/bentheimer-kammerchor.de\\\/unterstuetzen\\\/#breadcrumb\"},\"inLanguage\":\"nl-NL\",\"potentialAction\":[{\"@type\":\"ReadAction\",\"target\":[\"https:\\\/\\\/bentheimer-kammerchor.de\\\/unterstuetzen\\\/\"]}]},{\"@type\":\"ImageObject\",\"inLanguage\":\"nl-NL\",\"@id\":\"https:\\\/\\\/bentheimer-kammerchor.de\\\/unterstuetzen\\\/#primaryimage\",\"url\":\"https:\\\/\\\/bentheimer-kammerchor.de\\\/wp-content\\\/uploads\\\/2024\\\/05\\\/pexels-thirdman-5583258-scaled.jpg\",\"contentUrl\":\"https:\\\/\\\/bentheimer-kammerchor.de\\\/wp-content\\\/uploads\\\/2024\\\/05\\\/pexels-thirdman-5583258-scaled.jpg\",\"width\":2560,\"height\":840},{\"@type\":\"BreadcrumbList\",\"@id\":\"https:\\\/\\\/bentheimer-kammerchor.de\\\/unterstuetzen\\\/#breadcrumb\",\"itemListElement\":[{\"@type\":\"ListItem\",\"position\":1,\"name\":\"Startseite\",\"item\":\"https:\\\/\\\/bentheimer-kammerchor.de\\\/\"},{\"@type\":\"ListItem\",\"position\":2,\"name\":\"Unter\u00adst\u00fct\u00adzen\"}]},{\"@type\":\"WebSite\",\"@id\":\"https:\\\/\\\/bentheimer-kammerchor.de\\\/#website\",\"url\":\"https:\\\/\\\/bentheimer-kammerchor.de\\\/\",\"name\":\"Bentheimer Kammerchor\",\"description\":\"Ihr Chor in Bad Bentheim\",\"publisher\":{\"@id\":\"https:\\\/\\\/bentheimer-kammerchor.de\\\/#organization\"},\"potentialAction\":[{\"@type\":\"SearchAction\",\"target\":{\"@type\":\"EntryPoint\",\"urlTemplate\":\"https:\\\/\\\/bentheimer-kammerchor.de\\\/?s={search_term_string}\"},\"query-input\":{\"@type\":\"PropertyValueSpecification\",\"valueRequired\":true,\"valueName\":\"search_term_string\"}}],\"inLanguage\":\"nl-NL\"},{\"@type\":\"Organization\",\"@id\":\"https:\\\/\\\/bentheimer-kammerchor.de\\\/#organization\",\"name\":\"Bentheimer Kammerchor\",\"url\":\"https:\\\/\\\/bentheimer-kammerchor.de\\\/\",\"logo\":{\"@type\":\"ImageObject\",\"inLanguage\":\"nl-NL\",\"@id\":\"https:\\\/\\\/bentheimer-kammerchor.de\\\/#\\\/schema\\\/logo\\\/image\\\/\",\"url\":\"https:\\\/\\\/bentheimer-kammerchor.de\\\/wp-content\\\/uploads\\\/2024\\\/09\\\/Logo-Kammerchor-icon_menu.png\",\"contentUrl\":\"https:\\\/\\\/bentheimer-kammerchor.de\\\/wp-content\\\/uploads\\\/2024\\\/09\\\/Logo-Kammerchor-icon_menu.png\",\"width\":500,\"height\":500,\"caption\":\"Bentheimer Kammerchor\"},\"image\":{\"@id\":\"https:\\\/\\\/bentheimer-kammerchor.de\\\/#\\\/schema\\\/logo\\\/image\\\/\"},\"sameAs\":[\"https:\\\/\\\/www.facebook.com\\\/p\\\/Bentheimer-Kammerchor-100077937920379\\\/\"]}]}<\/script>\n<!-- \/ Yoast SEO plugin. -->","yoast_head_json":{"title":"Unter\u00adst\u00ad\u00fct\u00adzen \u2014 Bent\u00adhei\u00admer Kammerchor","robots":{"index":"index","follow":"follow","max-snippet":"max-snippet:-1","max-image-preview":"max-image-preview:large","max-video-preview":"max-video-preview:-1"},"canonical":"https:\/\/bentheimer-kammerchor.de\/nl\/unterstuetzen\/","og_locale":"nl_NL","og_type":"article","og_title":"Unterst\u00fctzen &#8212; Bentheimer Kammerchor","og_description":"Seit vielen Jahren gestaltet der Bentheimer Kammerchor das musikalische Leben im Raum Bad Bentheim mit und m\u00f6chte so zu einem vielf\u00e4ltigen kulturellen Angebot in der Region beitragen. Unser Ziel ist es dabei, m\u00f6glichst viele Zuh\u00f6rer mit unseren Konzerten erfreuen zu k\u00f6nnen. Wir bem\u00fchen uns deshalb, die Kartenpreise f\u00fcr unsere Veranstaltungen in einem moderaten Rahmen zu [&hellip;]","og_url":"https:\/\/bentheimer-kammerchor.de\/nl\/unterstuetzen\/","og_site_name":"Bentheimer Kammerchor","article_publisher":"https:\/\/www.facebook.com\/p\/Bentheimer-Kammerchor-100077937920379\/","article_modified_time":"2024-05-14T12:40:37+00:00","og_image":[{"width":2560,"height":840,"url":"https:\/\/bentheimer-kammerchor.de\/wp-content\/uploads\/2024\/05\/pexels-thirdman-5583258-scaled.jpg","type":"image\/jpeg"}],"twitter_card":"summary_large_image","twitter_misc":{"Geschatte leestijd":"1 minuut"},"schema":{"@context":"https:\/\/schema.org","@graph":[{"@type":"WebPage","@id":"https:\/\/bentheimer-kammerchor.de\/unterstuetzen\/","url":"https:\/\/bentheimer-kammerchor.de\/unterstuetzen\/","name":"Unter\u00adst\u00ad\u00fct\u00adzen \u2014 Bent\u00adhei\u00admer Kammerchor","isPartOf":{"@id":"https:\/\/bentheimer-kammerchor.de\/#website"},"primaryImageOfPage":{"@id":"https:\/\/bentheimer-kammerchor.de\/unterstuetzen\/#primaryimage"},"image":{"@id":"https:\/\/bentheimer-kammerchor.de\/unterstuetzen\/#primaryimage"},"thumbnailUrl":"https:\/\/bentheimer-kammerchor.de\/wp-content\/uploads\/2024\/05\/pexels-thirdman-5583258-scaled.jpg","datePublished":"2024-04-21T11:38:56+00:00","dateModified":"2024-05-14T12:40:37+00:00","breadcrumb":{"@id":"https:\/\/bentheimer-kammerchor.de\/unterstuetzen\/#breadcrumb"},"inLanguage":"nl-NL","potentialAction":[{"@type":"ReadAction","target":["https:\/\/bentheimer-kammerchor.de\/unterstuetzen\/"]}]},{"@type":"ImageObject","inLanguage":"nl-NL","@id":"https:\/\/bentheimer-kammerchor.de\/unterstuetzen\/#primaryimage","url":"https:\/\/bentheimer-kammerchor.de\/wp-content\/uploads\/2024\/05\/pexels-thirdman-5583258-scaled.jpg","contentUrl":"https:\/\/bentheimer-kammerchor.de\/wp-content\/uploads\/2024\/05\/pexels-thirdman-5583258-scaled.jpg","width":2560,"height":840},{"@type":"BreadcrumbList","@id":"https:\/\/bentheimer-kammerchor.de\/unterstuetzen\/#breadcrumb","itemListElement":[{"@type":"ListItem","position":1,"name":"Startseite","item":"https:\/\/bentheimer-kammerchor.de\/"},{"@type":"ListItem","position":2,"name":"Unter\u00adst\u00fct\u00adzen"}]},{"@type":"WebSite","@id":"https:\/\/bentheimer-kammerchor.de\/#website","url":"https:\/\/bentheimer-kammerchor.de\/","name":"Bent\u00adhei\u00admer Kammerchor","description":"Ihr Chor in Bad Bentheim","publisher":{"@id":"https:\/\/bentheimer-kammerchor.de\/#organization"},"potentialAction":[{"@type":"SearchAction","target":{"@type":"EntryPoint","urlTemplate":"https:\/\/bentheimer-kammerchor.de\/?s={search_term_string}"},"query-input":{"@type":"PropertyValueSpecification","valueRequired":true,"valueName":"search_term_string"}}],"inLanguage":"nl-NL"},{"@type":"Organization","@id":"https:\/\/bentheimer-kammerchor.de\/#organization","name":"Bent\u00adhei\u00admer Kammerchor","url":"https:\/\/bentheimer-kammerchor.de\/","logo":{"@type":"ImageObject","inLanguage":"nl-NL","@id":"https:\/\/bentheimer-kammerchor.de\/#\/schema\/logo\/image\/","url":"https:\/\/bentheimer-kammerchor.de\/wp-content\/uploads\/2024\/09\/Logo-Kammerchor-icon_menu.png","contentUrl":"https:\/\/bentheimer-kammerchor.de\/wp-content\/uploads\/2024\/09\/Logo-Kammerchor-icon_menu.png","width":500,"height":500,"caption":"Bentheimer Kammerchor"},"image":{"@id":"https:\/\/bentheimer-kammerchor.de\/#\/schema\/logo\/image\/"},"sameAs":["https:\/\/www.facebook.com\/p\/Bentheimer-Kammerchor-100077937920379\/"]}]}},"_links":{"self":[{"href":"https:\/\/bentheimer-kammerchor.de\/nl\/wp-json\/wp\/v2\/pages\/19","targetHints":{"allow":["GET"]}}],"collection":[{"href":"https:\/\/bentheimer-kammerchor.de\/nl\/wp-json\/wp\/v2\/pages"}],"about":[{"href":"https:\/\/bentheimer-kammerchor.de\/nl\/wp-json\/wp\/v2\/types\/page"}],"author":[{"embeddable":true,"href":"https:\/\/bentheimer-kammerchor.de\/nl\/wp-json\/wp\/v2\/users\/1"}],"replies":[{"embeddable":true,"href":"https:\/\/bentheimer-kammerchor.de\/nl\/wp-json\/wp\/v2\/comments?post=19"}],"version-history":[{"count":2,"href":"https:\/\/bentheimer-kammerchor.de\/nl\/wp-json\/wp\/v2\/pages\/19\/revisions"}],"predecessor-version":[{"id":116,"href":"https:\/\/bentheimer-kammerchor.de\/nl\/wp-json\/wp\/v2\/pages\/19\/revisions\/116"}],"wp:featuredmedia":[{"embeddable":true,"href":"https:\/\/bentheimer-kammerchor.de\/nl\/wp-json\/wp\/v2\/media\/164"}],"wp:attachment":[{"href":"https:\/\/bentheimer-kammerchor.de\/nl\/wp-json\/wp\/v2\/media?parent=19"}],"curies":[{"name":"wp","href":"https:\/\/api.w.org\/{rel}","templated":true}]}}